{"id":8958,"date":"2020-12-14T07:27:37","date_gmt":"2020-12-14T07:27:37","guid":{"rendered":"https:\/\/companyhub.liquid-themes.com\/staging\/?page_id=8958"},"modified":"2024-06-14T13:36:38","modified_gmt":"2024-06-14T11:36:38","slug":"about","status":"publish","type":"page","link":"https:\/\/guidico.nimbasolution.com\/?page_id=8958","title":{"rendered":"A propos de nous"},"content":{"rendered":"\t\t<div data-elementor-type=\"wp-page\" data-elementor-id=\"8958\" class=\"elementor elementor-8958\">\n\t\t\t\t\t\t\t\t\t<section class=\"elementor-section elementor-top-section elementor-element elementor-element-a3143ce elementor-section-boxed elementor-section-height-default elementor-section-height-default\" data-id=\"a3143ce\" data-element_type=\"section\">\n\t\t\t\t\t\t<div class=\"elementor-container elementor-column-gap-default\">\n\t\t\t\t\t<div class=\"elementor-column elementor-col-100 elementor-top-column elementor-element elementor-element-0178d35\" data-id=\"0178d35\" data-element_type=\"column\">\n\t\t\t<div class=\"elementor-widget-wrap elementor-element-populated\">\n\t\t\t\t\t\t\t\t<div class=\"elementor-element elementor-element-20118cf elementor-widget elementor-widget-ld_tabs\" data-id=\"20118cf\" data-element_type=\"widget\" data-widget_type=\"ld_tabs.default\">\n\t\t\t\t<div class=\"elementor-widget-container\">\n\t\t\t\t\t<div class=\"lqd-tabs lqd-tabs-style-3 lqd-tabs-nav-iconbox lqd-tabs-nav-items-not-expanded  20118cf lqd-nav-underline-\" data-tabs-options=\"{&quot;trigger&quot;:&quot;click&quot;}\">\n\n\t\t\t<nav class=\"lqd-tabs-nav-wrap mb-5\">\n\t\t\t\t<ul class=\"reset-ul lqd-tabs-nav d-flex align-items-center justify-content-md-center pos-rel\" role=\"tablist\"><li data-controls=\"lqd-tab-3361\" role=\"presentation\" class=\"elementor-repeater-item-136c7e3 active text-center\"><a class=\"d-block\" href=\"#lqd-tab-3361\" data-bs-target=\"#lqd-tab-3361\" aria-expanded=\"false\" aria-controls=\"lqd-tab-3361\" role=\"tab\" data-toggle=\"tab\" data-bs-toggle=\"tab\"><span class=\"lqd-tabs-nav-icon d-block\"><span class=\"lqd-tabs-nav-content d-block\"><span class=\"d-block pos-rel h3 mt-0 mb-0\">Pr\u00e9sentation<\/span><\/span><\/span><span class=\"lqd-tabs-nav-progress\"><span class=\"lqd-tabs-nav-progress-inner\"><\/span><\/span><\/a><\/li><li data-controls=\"lqd-tab-3362\" role=\"presentation\" class=\"elementor-repeater-item-8835bd5 text-center\"><a class=\"d-block\" href=\"#lqd-tab-3362\" data-bs-target=\"#lqd-tab-3362\" aria-expanded=\"false\" aria-controls=\"lqd-tab-3362\" role=\"tab\" data-toggle=\"tab\" data-bs-toggle=\"tab\"><span class=\"lqd-tabs-nav-icon d-block\"><span class=\"lqd-tabs-nav-content d-block\"><span class=\"d-block pos-rel h3 mt-0 mb-0\">Comp\u00e9tence<\/span><\/span><\/span><span class=\"lqd-tabs-nav-progress\"><span class=\"lqd-tabs-nav-progress-inner\"><\/span><\/span><\/a><\/li><li data-controls=\"lqd-tab-3363\" role=\"presentation\" class=\"elementor-repeater-item-e36d5cc text-center\"><a class=\"d-block\" href=\"#lqd-tab-3363\" data-bs-target=\"#lqd-tab-3363\" aria-expanded=\"false\" aria-controls=\"lqd-tab-3363\" role=\"tab\" data-toggle=\"tab\" data-bs-toggle=\"tab\"><span class=\"lqd-tabs-nav-icon d-block\"><span class=\"lqd-tabs-nav-content d-block\"><span class=\"d-block pos-rel h3 mt-0 mb-0\">Mission<\/span><\/span><\/span><span class=\"lqd-tabs-nav-progress\"><span class=\"lqd-tabs-nav-progress-inner\"><\/span><\/span><\/a><\/li><\/ul>\t\t\t\t\t\t\t<\/nav>\n\n\t\t\t<div class=\"lqd-tabs-content pos-rel\"><div id=\"lqd-tab-3361\" role=\"tabpanel\" class=\"lqd-tabs-pane fade active in\"><p style=\"text-align: center;\">Bienvenue \u00e0 GUIDICO, la soci\u00e9t\u00e9 guin\u00e9enne de distribution et de commerce. Chez GUIDICO, notre objectif principal est de fournir des solutions \u00e9nerg\u00e9tiques fiables et efficaces \u00e0 nos clients. Nous nous sp\u00e9cialisons dans la vente et la localisation de groupes \u00e9lectrog\u00e8nes de marque Perkins, une r\u00e9f\u00e9rence mondiale en mati\u00e8re de puissance \u00e9lectrique.<\/p> <\/div><div id=\"lqd-tab-3362\" role=\"tabpanel\" class=\"lqd-tabs-pane fade\"><p style=\"text-align: center;\"><span>Gr\u00e2ce \u00e0 ces expertises diversifi\u00e9es, GUIDICO est en mesure de fournir des solutions \u00e9nerg\u00e9tiques fiables, des services de construction de qualit\u00e9, une maintenance efficace des groupes \u00e9lectrog\u00e8nes et des solutions d'import-export fluides.\u00a0<\/span><span>Nous nous effor\u00e7ons d'\u00eatre un partenaire de confiance pour nos clients, en mettant en valeur notre expertise et notre engagement envers l'excellence.<\/span><\/p> <\/div><div id=\"lqd-tab-3363\" role=\"tabpanel\" class=\"lqd-tabs-pane fade\"><p style=\"text-align: center;\"><span>\u00a0Les missions de GUIDICO incluent la fourniture de groupes \u00e9lectrog\u00e8nes Perkins, la construction BTP, la maintenance des groupes \u00e9lectrog\u00e8nes et l'import-export. <\/span><span>L'entreprise vise \u00e0 satisfaire les besoins \u00e9nerg\u00e9tiques de ses clients, \u00e0 r\u00e9aliser des projets de construction de qualit\u00e9 et \u00e0 faciliter les \u00e9changes commerciaux internationaux.<\/span><\/p> <\/div><\/div>\n\t\t<\/div>\n\t\t\t<\/div>\n\t\t\t\t<\/div>\n\t\t\t\t\t<\/div>\n\t\t<\/div>\n\t\t\t\t\t\t\t<\/div>\n\t\t<\/section>\n\t\t\t\t<section class=\"elementor-section elementor-top-section elementor-element elementor-element-7d5c433 elementor-section-boxed elementor-section-height-default elementor-section-height-default\" data-id=\"7d5c433\" data-element_type=\"section\">\n\t\t\t\t\t\t<div class=\"elementor-container elementor-column-gap-no\">\n\t\t\t\t\t<div class=\"elementor-column elementor-col-100 elementor-top-column elementor-element elementor-element-0b1ba5a\" data-id=\"0b1ba5a\" data-element_type=\"column\">\n\t\t\t<div class=\"elementor-widget-wrap elementor-element-populated\">\n\t\t\t\t\t\t\t\t<div class=\"elementor-element elementor-element-07555fd elementor-widget elementor-widget-ld_media_element\" data-id=\"07555fd\" data-element_type=\"widget\" data-widget_type=\"ld_media_element.default\">\n\t\t\t\t<div class=\"elementor-widget-container\">\n\t\t\t\n\t\t<div class=\"ld-media-row d-flex flex-wrap\" data-liquid-masonry=\"true\">\n\t\t\t\n\t\t\t\t\t\t<div class=\"masonry-item elementor-repeater-item-2d4aacb\">\n\n\t\t\t\t<div class=\"ld-media-item pos-rel overflow-hidden  \">\n\n\t\t\t\t\t<figure class=\"bg-cover\">\n\t\t\t\t\t\t<img fetchpriority=\"high\" decoding=\"async\" width=\"418\" height=\"303\" src=\"https:\/\/guidico.nimbasolution.com\/wp-content\/uploads\/2023\/12\/Plan_de_travail_1guidico.jpg\" class=\"w-100 objfit-cover objpos-center\" alt=\"\" srcset=\"https:\/\/guidico.nimbasolution.com\/wp-content\/uploads\/2023\/12\/Plan_de_travail_1guidico.jpg 418w, https:\/\/guidico.nimbasolution.com\/wp-content\/uploads\/2023\/12\/Plan_de_travail_1guidico-300x217.jpg 300w\" sizes=\"(max-width: 418px) 100vw, 418px\" itemprop=\"image\" \/>\t\t\t\t\t<\/figure>\n\n\t\t\t\t\t<div class=\"ld-media-item-overlay d-flex flex-column align-items-center lqd-overlay text-center justify-content-center\">\n\n\t\t\t\t\t\t<div class=\"ld-media-bg lqd-overlay\"><\/div>\n\n\t\t\t\t\t\t<div class=\"ld-media-content pos-rel z-index-2\">\n\t\t\t\t\t\t\t<div class=\"ld-media-txt\">\n\t\t\t\t\t\t\t\t<h3 class=\"m-0\"><\/h3>\n\t\t\t\t\t\t\t\t<h6 class=\"m-0 text-uppercase ltr-sp-135\"><\/h6>\n\t\t\t\t\t\t\t\t\t\t\t\t\t\t\t<\/div>\n\t\t\t\t\t\t<\/div>\n\n\t\t\t\t\t<\/div>\n\n\t\t\t\t\t<a  target=\"_blank\" rel=\"nofollow\" class=\"lqd-overlay z-index-2 fresco\"  data-fresco-group=\"ld-media-element-07555fd\"><\/a>\n\t\t\t\t<\/div>\n\n\t\t\t<\/div>\n\t\t\t\t\t\t<div class=\"masonry-item elementor-repeater-item-4609ed8\">\n\n\t\t\t\t<div class=\"ld-media-item pos-rel overflow-hidden  \">\n\n\t\t\t\t\t<figure class=\"bg-cover\">\n\t\t\t\t\t\t<img decoding=\"async\" width=\"418\" height=\"303\" src=\"data:image\/svg+xml;charset=utf-8,%3Csvg xmlns%3D&#039;http%3A%2F%2Fwww.w3.org%2F2000%2Fsvg&#039; viewBox%3D&#039;0 0 418 303&#039;%2F%3E\" class=\"w-100 objfit-cover objpos-center ld-lazyload\" alt=\"\" itemprop=\"image\" data-src=\"https:\/\/guidico.nimbasolution.com\/wp-content\/uploads\/2023\/12\/Plan_de_travail_1_copie_5guidico.jpg\" data-srcset=\"https:\/\/guidico.nimbasolution.com\/wp-content\/uploads\/2023\/12\/Plan_de_travail_1_copie_5guidico.jpg 418w, https:\/\/guidico.nimbasolution.com\/wp-content\/uploads\/2023\/12\/Plan_de_travail_1_copie_5guidico-300x217.jpg 300w\" data-sizes=\"(max-width: 418px) 100vw, 418px\" data-aspect=\"1.3795379537954\" \/>\t\t\t\t\t<\/figure>\n\n\t\t\t\t\t<div class=\"ld-media-item-overlay d-flex flex-column align-items-center lqd-overlay text-center justify-content-end\">\n\n\t\t\t\t\t\t<div class=\"ld-media-bg lqd-overlay\"><\/div>\n\n\t\t\t\t\t\t<div class=\"ld-media-content pos-rel z-index-2\">\n\t\t\t\t\t\t\t<div class=\"ld-media-txt\">\n\t\t\t\t\t\t\t\t<h3 class=\"m-0\"><\/h3>\n\t\t\t\t\t\t\t\t<h6 class=\"m-0 text-uppercase ltr-sp-135\"><\/h6>\n\t\t\t\t\t\t\t\t\t\t\t\t\t\t\t<\/div>\n\t\t\t\t\t\t<\/div>\n\n\t\t\t\t\t<\/div>\n\n\t\t\t\t\t<a href=\"https:\/\/guidico.nimbasolution.com\/wp-content\/uploads\/2023\/12\/Plan_de_travail_1_copie_5guidico.jpg\" class=\"lqd-overlay z-index-2 fresco\"  data-fresco-group=\"ld-media-element-07555fd\"><\/a>\n\t\t\t\t<\/div>\n\n\t\t\t<\/div>\n\t\t\t\t\t\t<div class=\"masonry-item elementor-repeater-item-8523701\">\n\n\t\t\t\t<div class=\"ld-media-item pos-rel overflow-hidden  \">\n\n\t\t\t\t\t<figure class=\"bg-cover\">\n\t\t\t\t\t\t<img decoding=\"async\" width=\"418\" height=\"303\" src=\"data:image\/svg+xml;charset=utf-8,%3Csvg xmlns%3D&#039;http%3A%2F%2Fwww.w3.org%2F2000%2Fsvg&#039; viewBox%3D&#039;0 0 418 303&#039;%2F%3E\" class=\"w-100 objfit-cover objpos-center ld-lazyload\" alt=\"\" itemprop=\"image\" data-src=\"https:\/\/guidico.nimbasolution.com\/wp-content\/uploads\/2023\/12\/Plan_de_travail_1_copie_7guidico.jpg\" data-srcset=\"https:\/\/guidico.nimbasolution.com\/wp-content\/uploads\/2023\/12\/Plan_de_travail_1_copie_7guidico.jpg 418w, https:\/\/guidico.nimbasolution.com\/wp-content\/uploads\/2023\/12\/Plan_de_travail_1_copie_7guidico-300x217.jpg 300w\" data-sizes=\"(max-width: 418px) 100vw, 418px\" data-aspect=\"1.3795379537954\" \/>\t\t\t\t\t<\/figure>\n\n\t\t\t\t\t<div class=\"ld-media-item-overlay d-flex flex-column align-items-center lqd-overlay text-center justify-content-end\">\n\n\t\t\t\t\t\t<div class=\"ld-media-bg lqd-overlay\"><\/div>\n\n\t\t\t\t\t\t<div class=\"ld-media-content pos-rel z-index-2\">\n\t\t\t\t\t\t\t<div class=\"ld-media-txt\">\n\t\t\t\t\t\t\t\t<h3 class=\"m-0\"><\/h3>\n\t\t\t\t\t\t\t\t<h6 class=\"m-0 text-uppercase ltr-sp-135\"><\/h6>\n\t\t\t\t\t\t\t\t\t\t\t\t\t\t\t<\/div>\n\t\t\t\t\t\t<\/div>\n\n\t\t\t\t\t<\/div>\n\n\t\t\t\t\t<a  target=\"_blank\" rel=\"nofollow\" class=\"lqd-overlay z-index-2 fresco\"  data-fresco-group=\"ld-media-element-07555fd\"><\/a>\n\t\t\t\t<\/div>\n\n\t\t\t<\/div>\n\t\t\t\t\t\t<div class=\"masonry-item elementor-repeater-item-316ed90\">\n\n\t\t\t\t<div class=\"ld-media-item pos-rel overflow-hidden  \">\n\n\t\t\t\t\t<figure class=\"bg-cover\">\n\t\t\t\t\t\t<img loading=\"lazy\" decoding=\"async\" width=\"418\" height=\"303\" src=\"data:image\/svg+xml;charset=utf-8,%3Csvg xmlns%3D&#039;http%3A%2F%2Fwww.w3.org%2F2000%2Fsvg&#039; viewBox%3D&#039;0 0 418 303&#039;%2F%3E\" class=\"w-100 objfit-cover objpos-center ld-lazyload\" alt=\"\" itemprop=\"image\" data-src=\"https:\/\/guidico.nimbasolution.com\/wp-content\/uploads\/2023\/12\/Plan_de_travail_1_copie_6guidico.jpg\" data-srcset=\"https:\/\/guidico.nimbasolution.com\/wp-content\/uploads\/2023\/12\/Plan_de_travail_1_copie_6guidico.jpg 418w, https:\/\/guidico.nimbasolution.com\/wp-content\/uploads\/2023\/12\/Plan_de_travail_1_copie_6guidico-300x217.jpg 300w\" data-sizes=\"(max-width: 418px) 100vw, 418px\" data-aspect=\"1.3795379537954\" \/>\t\t\t\t\t<\/figure>\n\n\t\t\t\t\t<div class=\"ld-media-item-overlay d-flex flex-column align-items-center lqd-overlay text-center justify-content-end\">\n\n\t\t\t\t\t\t<div class=\"ld-media-bg lqd-overlay\"><\/div>\n\n\t\t\t\t\t\t<div class=\"ld-media-content pos-rel z-index-2\">\n\t\t\t\t\t\t\t<div class=\"ld-media-txt\">\n\t\t\t\t\t\t\t\t<h3 class=\"m-0\"><\/h3>\n\t\t\t\t\t\t\t\t<h6 class=\"m-0 text-uppercase ltr-sp-135\"><\/h6>\n\t\t\t\t\t\t\t\t\t\t\t\t\t\t\t<\/div>\n\t\t\t\t\t\t<\/div>\n\n\t\t\t\t\t<\/div>\n\n\t\t\t\t\t<a href=\"https:\/\/guidico.nimbasolution.com\/wp-content\/uploads\/2023\/12\/Plan_de_travail_1_copie_6guidico.jpg\" class=\"lqd-overlay z-index-2 fresco\"  data-fresco-group=\"ld-media-element-07555fd\"><\/a>\n\t\t\t\t<\/div>\n\n\t\t\t<\/div>\n\t\t\t\n\t\t<\/div>\n\n\t\t\t\t<\/div>\n\t\t\t\t<\/div>\n\t\t\t\t\t<\/div>\n\t\t<\/div>\n\t\t\t\t\t\t\t<\/div>\n\t\t<\/section>\n\t\t\t\t<section class=\"elementor-section elementor-top-section elementor-element elementor-element-df71ffa elementor-section-content-middle elementor-section-boxed elementor-section-height-default elementor-section-height-default\" data-id=\"df71ffa\" data-element_type=\"section\" data-settings=\"{&quot;background_background&quot;:&quot;classic&quot;}\">\n\t\t\t\t\t\t<div class=\"elementor-container elementor-column-gap-default\">\n\t\t\t\t\t<div class=\"elementor-column elementor-col-50 elementor-top-column elementor-element elementor-element-ef807eb\" data-id=\"ef807eb\" data-element_type=\"column\">\n\t\t\t<div class=\"elementor-widget-wrap elementor-element-populated\">\n\t\t\t\t\t\t\t\t<div class=\"elementor-element elementor-element-99e6870 elementor-widget elementor-widget-hub_fancy_heading\" data-id=\"99e6870\" data-element_type=\"widget\" data-widget_type=\"hub_fancy_heading.default\">\n\t\t\t\t<div class=\"elementor-widget-container\">\n\t\t\t\n\t\t<div id=\"ld-fancy-heading-69f32bda6b74c\" class=\"ld-fancy-heading pos-rel\">\n\t\t\t<h2 class=\"ld-fh-element d-inline-block pos-rel  elementor-heading-title lqd-highlight-classic lqd-highlight-grow-left h2\"  > Pourquoi nous choisir?<\/h2>\t\t<\/div>\n\n\t\t\t\t<\/div>\n\t\t\t\t<\/div>\n\t\t\t\t<div class=\"elementor-element elementor-element-7b26c1a elementor-widget elementor-widget-hub_fancy_heading\" data-id=\"7b26c1a\" data-element_type=\"widget\" data-widget_type=\"hub_fancy_heading.default\">\n\t\t\t\t<div class=\"elementor-widget-container\">\n\t\t\t\n\t\t<div id=\"ld-fancy-heading-69f32bda6c05b\" class=\"ld-fancy-heading pos-rel\">\n\t\t\t<p class=\"ld-fh-element d-inline-block pos-rel  lqd-highlight-classic lqd-highlight-grow-left p\"  > En choisissant GUIDICO, vous b\u00e9n\u00e9ficierez d'une entreprise qui allie expertise, qualit\u00e9, fiabilit\u00e9 et engagement envers la satisfaction client.<\/p>\t\t<\/div>\n\n\t\t\t\t<\/div>\n\t\t\t\t<\/div>\n\t\t\t\t<div class=\"elementor-element elementor-element-624da75 elementor-widget elementor-widget-ld_accordion\" data-id=\"624da75\" data-element_type=\"widget\" data-widget_type=\"ld_accordion.default\">\n\t\t\t\t<div class=\"elementor-widget-container\">\n\t\t\t\n\t\t<div class=\"accordion accordion-title-bordered accordion-lg accordion-side-spacing accordion-title-bg-transparent accordion-title-round accordion-active-has-fill\" id=\"accordion-69f32bda6d853\" role=\"tablist\" aria-multiselectable=\"true\">\n\t\t\t\t\t\t\t\t\t\t\t\t<div class=\"accordion-item panel  active\">\n\n\t\t\t\t<div class=\"accordion-heading\" role=\"tab\" id=\"heading-1031\">\n\t\t\t\t<h4 class=\"accordion-title  tabindex=\"-1\">\t\t\t\t\t<a class=\"\" role=\"button\" data-toggle=\"collapse\" data-bs-toggle=\"collapse\"\n                    tabindex=\"0\"\n\t\t\t\t\tdata-parent=\"#accordion-69f32bda6d853\" data-bs-parent=\"#accordion-69f32bda6d853\" href=\"#collapse-1031\" data-target=\"#collapse-1031\" data-bs-target=\"#collapse-1031\"\n\t\t\t\t\taria-expanded=\"true\" aria-controls=\"collapse-1031\">\n\t\t\t\t\t\t\t\t\t\t\t\t<span class=\"accordion-title-txt\">Expertise en solutions \u00e9nerg\u00e9tiques<\/span>\n\t\t\t\t\t\t\t\t\t\t\t\t\t<span class=\"accordion-expander\"><i class=\"lqd-icn-ess icon-ion-ios-arrow-down\"><\/i><i class=\"lqd-icn-ess icon-ion-ios-arrow-up\"><\/i><\/span>\t\t\t\t\t\t\t\t\t\t\t<\/a>\n\t\t\t\t<\/h4>\t\t\t\t<\/div>\n\n\t\t\t\t<div id=\"collapse-1031\" class=\"accordion-collapse collapse  show\" data-bs-parent=\"#accordion-69f32bda6d853\" role=\"tabpanel\" aria-labelledby=\"heading-1031\">\n\n\t\t\t\t<div class=\"accordion-content\">\n\t\t\t\t\t<p><span>Avec notre sp\u00e9cialisation dans la vente et la localisation de groupes \u00e9lectrog\u00e8nes Perkins, nous sommes des experts en mati\u00e8re de solutions \u00e9nerg\u00e9tiques.\u00a0<\/span><span>Nous comprenons les besoins de nos clients et nous sommes en mesure de leur fournir des \u00e9quipements fiables et performants pour r\u00e9pondre \u00e0 leurs exigences sp\u00e9cifiques.<\/span><\/p>\t\t\t\t<\/div>\n\n\t\t\t\t<\/div>\n\n\t\t\t<\/div>\n\t\t\t\t\t\t\t\t\t<div class=\"accordion-item panel \">\n\n\t\t\t\t<div class=\"accordion-heading\" role=\"tab\" id=\"heading-1032\">\n\t\t\t\t<h4 class=\"accordion-title  tabindex=\"-1\">\t\t\t\t\t<a class=\"collapsed\" role=\"button\" data-toggle=\"collapse\" data-bs-toggle=\"collapse\"\n                    tabindex=\"0\"\n\t\t\t\t\tdata-parent=\"#accordion-69f32bda6d853\" data-bs-parent=\"#accordion-69f32bda6d853\" href=\"#collapse-1032\" data-target=\"#collapse-1032\" data-bs-target=\"#collapse-1032\"\n\t\t\t\t\taria-expanded=\"false\" aria-controls=\"collapse-1032\">\n\t\t\t\t\t\t\t\t\t\t\t\t<span class=\"accordion-title-txt\">Qualit\u00e9 et fiabilit\u00e9<\/span>\n\t\t\t\t\t\t\t\t\t\t\t\t\t<span class=\"accordion-expander\"><i class=\"lqd-icn-ess icon-ion-ios-arrow-down\"><\/i><i class=\"lqd-icn-ess icon-ion-ios-arrow-up\"><\/i><\/span>\t\t\t\t\t\t\t\t\t\t\t<\/a>\n\t\t\t\t<\/h4>\t\t\t\t<\/div>\n\n\t\t\t\t<div id=\"collapse-1032\" class=\"accordion-collapse collapse \" data-bs-parent=\"#accordion-69f32bda6d853\" role=\"tabpanel\" aria-labelledby=\"heading-1032\">\n\n\t\t\t\t<div class=\"accordion-content\">\n\t\t\t\t\t<p><span>Nous sommes fiers de fournir des produits de haute qualit\u00e9 et de travailler avec des marques renomm\u00e9es telles que Perkins.\u00a0<\/span><span>Nos groupes \u00e9lectrog\u00e8nes sont r\u00e9put\u00e9s pour leur fiabilit\u00e9 et leur efficacit\u00e9, garantissant une alimentation \u00e9lectrique stable et continue pour nos clients.<\/span><\/p>\t\t\t\t<\/div>\n\n\t\t\t\t<\/div>\n\n\t\t\t<\/div>\n\t\t\t\t\t\t\t\t\t<div class=\"accordion-item panel \">\n\n\t\t\t\t<div class=\"accordion-heading\" role=\"tab\" id=\"heading-1033\">\n\t\t\t\t<h4 class=\"accordion-title  tabindex=\"-1\">\t\t\t\t\t<a class=\"collapsed\" role=\"button\" data-toggle=\"collapse\" data-bs-toggle=\"collapse\"\n                    tabindex=\"0\"\n\t\t\t\t\tdata-parent=\"#accordion-69f32bda6d853\" data-bs-parent=\"#accordion-69f32bda6d853\" href=\"#collapse-1033\" data-target=\"#collapse-1033\" data-bs-target=\"#collapse-1033\"\n\t\t\t\t\taria-expanded=\"false\" aria-controls=\"collapse-1033\">\n\t\t\t\t\t\t\t\t\t\t\t\t<span class=\"accordion-title-txt\">Large gamme de services<\/span>\n\t\t\t\t\t\t\t\t\t\t\t\t\t<span class=\"accordion-expander\"><i class=\"lqd-icn-ess icon-ion-ios-arrow-down\"><\/i><i class=\"lqd-icn-ess icon-ion-ios-arrow-up\"><\/i><\/span>\t\t\t\t\t\t\t\t\t\t\t<\/a>\n\t\t\t\t<\/h4>\t\t\t\t<\/div>\n\n\t\t\t\t<div id=\"collapse-1033\" class=\"accordion-collapse collapse \" data-bs-parent=\"#accordion-69f32bda6d853\" role=\"tabpanel\" aria-labelledby=\"heading-1033\">\n\n\t\t\t\t<div class=\"accordion-content\">\n\t\t\t\t\t<p><span>En plus de la vente et de la localisation de groupes \u00e9lectrog\u00e8nes, nous offrons une gamme compl\u00e8te de services connexes.\u00a0<\/span><span>De la construction BTP \u00e0 la maintenance des groupes \u00e9lectrog\u00e8nes, en passant par l'import-export, nous sommes en mesure de r\u00e9pondre \u00e0 plusieurs besoins de nos clients sous un m\u00eame toit.<\/span><\/p>\t\t\t\t<\/div>\n\n\t\t\t\t<\/div>\n\n\t\t\t<\/div>\n\t\t\t\t\t\t\n\t\t<\/div>\n\n\t\t\t\t<\/div>\n\t\t\t\t<\/div>\n\t\t\t\t\t<\/div>\n\t\t<\/div>\n\t\t\t\t<div class=\"elementor-column elementor-col-50 elementor-top-column elementor-element elementor-element-e6731a7\" data-id=\"e6731a7\" data-element_type=\"column\">\n\t\t\t<div class=\"elementor-widget-wrap elementor-element-populated\">\n\t\t\t\t\t\t\t\t<div class=\"elementor-element elementor-element-5b8d58d elementor-widget elementor-widget-ld_fancy_image\" data-id=\"5b8d58d\" data-element_type=\"widget\" data-widget_type=\"ld_fancy_image.default\">\n\t\t\t\t<div class=\"elementor-widget-container\">\n\t\t\t\n\t\t<div class=\"lqd-imggrp-single d-block pos-rel \" data-shadow-style=\"4\">\n\t\t\t<div class=\"lqd-imggrp-img-container d-inline-flex pos-rel align-items-center justify-content-center \">\n\t\t\t\t\t\t\t\t<figure class=\"w-100 pos-rel\">\n\t\t\t\t\t<img loading=\"lazy\" decoding=\"async\" width=\"300\" height=\"600\" src=\"data:image\/svg+xml;charset=utf-8,%3Csvg xmlns%3D&#039;http%3A%2F%2Fwww.w3.org%2F2000%2Fsvg&#039; viewBox%3D&#039;0 0 300 600&#039;%2F%3E\" class=\"attachment-full size-full wp-image-10342 ld-lazyload\" alt=\"\" itemprop=\"image\" data-src=\"https:\/\/guidico.nimbasolution.com\/wp-content\/uploads\/2023\/12\/4.png\" data-srcset=\"https:\/\/guidico.nimbasolution.com\/wp-content\/uploads\/2023\/12\/4.png 300w, https:\/\/guidico.nimbasolution.com\/wp-content\/uploads\/2023\/12\/4-150x300.png 150w\" data-sizes=\"(max-width: 300px) 100vw, 300px\" data-aspect=\"0.5\" \/>\t\t\t\t\t\t\t\t\t\t\t\t\t\t\t\t\t\t\t\t\t\t\t\t\t\t\t\t\t<\/figure>\n\t\t\t<\/div>\n\t\t<\/div>\n\n\t\t\t<\/div>\n\t\t\t\t<\/div>\n\t\t\t\t\t<\/div>\n\t\t<\/div>\n\t\t\t\t\t\t\t<\/div>\n\t\t<\/section>\n\t\t\t\t\t\t\t<\/div>\n\t\t","protected":false},"excerpt":{"rendered":"<p>Pr\u00e9sentation Comp\u00e9tence Mission Bienvenue \u00e0 GUIDICO, la soci\u00e9t\u00e9 guin\u00e9enne de distribution et de commerce. Chez GUIDICO, notre objectif principal est de fournir des solutions \u00e9nerg\u00e9tiques fiables et efficaces \u00e0 nos clients. Nous nous sp\u00e9cialisons dans la vente et la localisation de groupes \u00e9lectrog\u00e8nes de marque Perkins, une r\u00e9f\u00e9rence mondiale en mati\u00e8re de puissance \u00e9lectrique. Gr\u00e2ce [&hellip;]<\/p>\n","protected":false},"author":1,"featured_media":0,"parent":0,"menu_order":0,"comment_status":"closed","ping_status":"closed","template":"","meta":{"footnotes":""},"class_list":["post-8958","page","type-page","status-publish","hentry"],"jetpack_sharing_enabled":true,"_links":{"self":[{"href":"https:\/\/guidico.nimbasolution.com\/index.php?rest_route=\/wp\/v2\/pages\/8958","targetHints":{"allow":["GET"]}}],"collection":[{"href":"https:\/\/guidico.nimbasolution.com\/index.php?rest_route=\/wp\/v2\/pages"}],"about":[{"href":"https:\/\/guidico.nimbasolution.com\/index.php?rest_route=\/wp\/v2\/types\/page"}],"author":[{"embeddable":true,"href":"https:\/\/guidico.nimbasolution.com\/index.php?rest_route=\/wp\/v2\/users\/1"}],"replies":[{"embeddable":true,"href":"https:\/\/guidico.nimbasolution.com\/index.php?rest_route=%2Fwp%2Fv2%2Fcomments&post=8958"}],"version-history":[{"count":40,"href":"https:\/\/guidico.nimbasolution.com\/index.php?rest_route=\/wp\/v2\/pages\/8958\/revisions"}],"predecessor-version":[{"id":10632,"href":"https:\/\/guidico.nimbasolution.com\/index.php?rest_route=\/wp\/v2\/pages\/8958\/revisions\/10632"}],"wp:attachment":[{"href":"https:\/\/guidico.nimbasolution.com\/index.php?rest_route=%2Fwp%2Fv2%2Fmedia&parent=8958"}],"curies":[{"name":"wp","href":"https:\/\/api.w.org\/{rel}","templated":true}]}}